{"id":2,"date":"2013-08-12T14:43:14","date_gmt":"2013-08-12T14:43:14","guid":{"rendered":"http:\/\/robertocataldi.com.ar\/blog\/?page_id=2"},"modified":"2014-11-06T18:37:45","modified_gmt":"2014-11-06T18:37:45","slug":"sample-page","status":"publish","type":"page","link":"http:\/\/robertocataldi.com.ar\/blog\/?page_id=2","title":{"rendered":"Nota biogr\u00e1fica de Roberto Miguel Cataldi Amatriain"},"content":{"rendered":"<div style=\"float: left; width: 30%;\"><a href=\"http:\/\/robertocataldi.com.ar\/blog\/wp-content\/uploads\/2013\/08\/FotoPerfilRoberto.jpg\"><img loading=\"lazy\" decoding=\"async\" class=\"alignnone size-medium wp-image-87\" src=\"http:\/\/robertocataldi.com.ar\/blog\/wp-content\/uploads\/2013\/08\/FotoPerfilRoberto-300x225.jpg\" alt=\"Roberto Cataldi\" width=\"300\" height=\"225\" srcset=\"http:\/\/robertocataldi.com.ar\/blog\/wp-content\/uploads\/2013\/08\/FotoPerfilRoberto-300x225.jpg 300w, http:\/\/robertocataldi.com.ar\/blog\/wp-content\/uploads\/2013\/08\/FotoPerfilRoberto-1024x768.jpg 1024w, http:\/\/robertocataldi.com.ar\/blog\/wp-content\/uploads\/2013\/08\/FotoPerfilRoberto.jpg 2048w\" sizes=\"auto, (max-width: 300px) 100vw, 300px\" \/><\/a><\/div>\n<div style=\"float: right; width: 65%;\">Naci\u00f3 en La Plata, ciudad de diagonales, estudiantes universitarios y empleados p\u00fablicos, el 8 de agosto de 1948.<br \/>\nVive en la Ciudad de Buenos Aires desde su retorno de Europa, a fines del 79, luego de su <em>\u201cperegrinatio academica\u201d<\/em>, siguiendo fielmente el consejo de Comenio.<br \/>\nTiene dos hijos: Alejandra (contadora p\u00fablica) y Maximiliano (m\u00fasico profesional).<br \/>\nCompa\u00f1era de ruta (en las buenas y en las malas): Mara Farjat (contadora p\u00fablica).<br \/>\nProfesi\u00f3n: Doctor en Medicina.<br \/>\nVive de la pr\u00e1ctica asistencial y de la docencia universitaria.<br \/>\nEs profesor en varias universidades donde dicta Medicina Interna (al lado de la cama del enfermo), est\u00e1 dedicado a la Educaci\u00f3n M\u00e9dica (pre y postgraduada) y a la Bio\u00e9tica.<br \/>\nComo internista tiene su templo en el Hospital, all\u00ed se lo encuentra por las ma\u00f1anas.<br \/>\nEn 1996 cre\u00f3 con su familia la <em>Fundaci\u00f3n Internacional Cataldi Amatriain<\/em> (FICA), anhelo juvenil concebido en las proximidades del Mediterr\u00e1neo.<br \/>\nEs ensayista, cultiva las abatidas Humanidades, y navega contra el viento y la marea con el firme prop\u00f3sito de tender puentes entre las Dos Culturas.\n<\/div>\n","protected":false},"excerpt":{"rendered":"<p>Naci\u00f3 en La Plata, ciudad de diagonales, estudiantes universitarios y empleados p\u00fablicos, el 8 de agosto de 1948. Vive en &hellip;<\/p>\n<p><a href=\"http:\/\/robertocataldi.com.ar\/blog\/?page_id=2\">Sigue leyendo <span class=\"meta-nav\">&rarr;<\/span><\/a><\/p>\n","protected":false},"author":1,"featured_media":0,"parent":0,"menu_order":0,"comment_status":"closed","ping_status":"closed","template":"","meta":{"footnotes":""},"class_list":["post-2","page","type-page","status-publish","hentry"],"_links":{"self":[{"href":"http:\/\/robertocataldi.com.ar\/blog\/index.php?rest_route=\/wp\/v2\/pages\/2","targetHints":{"allow":["GET"]}}],"collection":[{"href":"http:\/\/robertocataldi.com.ar\/blog\/index.php?rest_route=\/wp\/v2\/pages"}],"about":[{"href":"http:\/\/robertocataldi.com.ar\/blog\/index.php?rest_route=\/wp\/v2\/types\/page"}],"author":[{"embeddable":true,"href":"http:\/\/robertocataldi.com.ar\/blog\/index.php?rest_route=\/wp\/v2\/users\/1"}],"replies":[{"embeddable":true,"href":"http:\/\/robertocataldi.com.ar\/blog\/index.php?rest_route=%2Fwp%2Fv2%2Fcomments&post=2"}],"version-history":[{"count":6,"href":"http:\/\/robertocataldi.com.ar\/blog\/index.php?rest_route=\/wp\/v2\/pages\/2\/revisions"}],"predecessor-version":[{"id":88,"href":"http:\/\/robertocataldi.com.ar\/blog\/index.php?rest_route=\/wp\/v2\/pages\/2\/revisions\/88"}],"wp:attachment":[{"href":"http:\/\/robertocataldi.com.ar\/blog\/index.php?rest_route=%2Fwp%2Fv2%2Fmedia&parent=2"}],"curies":[{"name":"wp","href":"https:\/\/api.w.org\/{rel}","templated":true}]}}